{"id":4496,"date":"2021-01-26T00:53:18","date_gmt":"2021-01-26T00:53:18","guid":{"rendered":"http:\/\/pasajeros.com.co\/musica\/"},"modified":"2021-05-19T21:34:51","modified_gmt":"2021-05-19T21:34:51","slug":"music","status":"publish","type":"page","link":"https:\/\/pasajeros.com.co\/en\/music\/","title":{"rendered":"Music"},"content":{"rendered":"<p>[vc_row][vc_column][vc_video link=&#8221;https:\/\/youtu.be\/OTJ2475xoCE&#8221;][\/vc_column][\/vc_row][vc_row][vc_column][vc_empty_space][\/vc_column][\/vc_row][vc_row][vc_column width=&#8221;1\/2&#8243;][vc_empty_space][vc_row_inner][vc_column_inner width=&#8221;1\/4&#8243;][vc_column_text]La Mona[\/vc_column_text][\/vc_column_inner][vc_column_inner width=&#8221;3\/4&#8243;][vc_column_text]<\/p>\n<!--[if lt IE 9]><script>document.createElement('audio');<\/script><![endif]-->\n<audio class=\"wp-audio-shortcode\" id=\"audio-4496-1\" preload=\"none\" style=\"width: 100%;\" controls=\"controls\"><source type=\"audio\/wav\" src=\"http:\/\/pasajeros.com.co\/wp-content\/uploads\/2021\/01\/La-Mona-.wav?_=1\" \/><a href=\"http:\/\/pasajeros.com.co\/wp-content\/uploads\/2021\/01\/La-Mona-.wav\">http:\/\/pasajeros.com.co\/wp-content\/uploads\/2021\/01\/La-Mona-.wav<\/a><\/audio>\n<p>[\/vc_column_text][\/vc_column_inner][\/vc_row_inner][vc_empty_space][vc_row_inner][vc_column_inner width=&#8221;1\/4&#8243;][vc_column_text]Tango[\/vc_column_text][\/vc_column_inner][vc_column_inner width=&#8221;3\/4&#8243;][vc_column_text]<\/p>\n<audio class=\"wp-audio-shortcode\" id=\"audio-4496-2\" preload=\"none\" style=\"width: 100%;\" controls=\"controls\"><source type=\"audio\/wav\" src=\"http:\/\/pasajeros.com.co\/wp-content\/uploads\/2021\/01\/Tango.wav?_=2\" \/><a href=\"http:\/\/pasajeros.com.co\/wp-content\/uploads\/2021\/01\/Tango.wav\">http:\/\/pasajeros.com.co\/wp-content\/uploads\/2021\/01\/Tango.wav<\/a><\/audio>\n<p>[\/vc_column_text][\/vc_column_inner][\/vc_row_inner][vc_empty_space][vc_row_inner][vc_column_inner width=&#8221;1\/4&#8243;][vc_column_text]Bolero[\/vc_column_text][\/vc_column_inner][vc_column_inner width=&#8221;3\/4&#8243;][vc_column_text]<\/p>\n<audio class=\"wp-audio-shortcode\" id=\"audio-4496-3\" preload=\"none\" style=\"width: 100%;\" controls=\"controls\"><source type=\"audio\/wav\" src=\"http:\/\/pasajeros.com.co\/wp-content\/uploads\/2021\/01\/Bolero-V2.wav?_=3\" \/><a href=\"http:\/\/pasajeros.com.co\/wp-content\/uploads\/2021\/01\/Bolero-V2.wav\">http:\/\/pasajeros.com.co\/wp-content\/uploads\/2021\/01\/Bolero-V2.wav<\/a><\/audio>\n<p>[\/vc_column_text][\/vc_column_inner][\/vc_row_inner][vc_empty_space][vc_row_inner][vc_column_inner width=&#8221;1\/4&#8243;][vc_column_text]Blues[\/vc_column_text][\/vc_column_inner][vc_column_inner width=&#8221;3\/4&#8243;][vc_column_text]<\/p>\n<audio class=\"wp-audio-shortcode\" id=\"audio-4496-4\" preload=\"none\" style=\"width: 100%;\" controls=\"controls\"><source type=\"audio\/wav\" src=\"http:\/\/pasajeros.com.co\/wp-content\/uploads\/2021\/01\/Blues.wav?_=4\" \/><a href=\"http:\/\/pasajeros.com.co\/wp-content\/uploads\/2021\/01\/Blues.wav\">http:\/\/pasajeros.com.co\/wp-content\/uploads\/2021\/01\/Blues.wav<\/a><\/audio>\n<p>[\/vc_column_text][\/vc_column_inner][\/vc_row_inner][\/vc_column][vc_column width=&#8221;1\/2&#8243;][vc_empty_space][vc_column_text]Sounds and music are as much a part of a city as its streets. The work of constructing the soundscape of Pasajeros was carried out by Sebasti\u00e1n C\u00e1ceres and Andr\u00e9s Valero, musicians from the bands <strong>Alpes<\/strong> and <strong>Paraisso<\/strong>; who were measured to the task of recreating the complex and eclectic universe of Chapinero.[\/vc_column_text][\/vc_column][\/vc_row]<\/p>\n","protected":false},"excerpt":{"rendered":"<p>[vc_row][vc_column][vc_video link=&#8221;https:\/\/youtu.be\/OTJ2475xoCE&#8221;][\/vc_column][\/vc_row][vc_row][vc_column][vc_empty_space][\/vc_column][\/vc_row][vc_row][vc_column width=&#8221;1\/2&#8243;][vc_empty_space][vc_row_inner][vc_column_inner width=&#8221;1\/4&#8243;][vc_column_text]La Mona[\/vc_column_text][\/vc_column_inner][vc_column_inner width=&#8221;3\/4&#8243;][vc_column_text] [\/vc_column_text][\/vc_column_inner][\/vc_row_inner][vc_empty_space][vc_row_inner][vc_column_inner width=&#8221;1\/4&#8243;][vc_column_text]Tango[\/vc_column_text][\/vc_column_inner][vc_column_inner width=&#8221;3\/4&#8243;][vc_column_text] [\/vc_column_text][\/vc_column_inner][\/vc_row_inner][vc_empty_space][vc_row_inner][vc_column_inner width=&#8221;1\/4&#8243;][vc_column_text]Bolero[\/vc_column_text][\/vc_column_inner][vc_column_inner width=&#8221;3\/4&#8243;][vc_column_text] [\/vc_column_text][\/vc_column_inner][\/vc_row_inner][vc_empty_space][vc_row_inner][vc_column_inner width=&#8221;1\/4&#8243;][vc_column_text]Blues[\/vc_column_text][\/vc_column_inner][vc_column_inner width=&#8221;3\/4&#8243;][vc_column_text] [\/vc_column_text][\/vc_column_inner][\/vc_row_inner][\/vc_column][vc_column width=&#8221;1\/2&#8243;][vc_empty_space][vc_column_text]Sounds and music are as much a part of a city as its streets. The work of constructing the soundscape of Pasajeros was carried out by Sebasti\u00e1n C\u00e1ceres and Andr\u00e9s Valero, musicians from the bands Alpes and Paraisso; who were measured to the task of recreating the complex and eclectic universe of Chapinero.[\/vc_column_text][\/vc_column][\/vc_row]<\/p>\n","protected":false},"author":1,"featured_media":0,"parent":0,"menu_order":0,"comment_status":"closed","ping_status":"closed","template":"","meta":{"_monsterinsights_skip_tracking":false,"_monsterinsights_sitenote_active":false,"_monsterinsights_sitenote_note":"","_monsterinsights_sitenote_category":0},"yoast_head":"<!-- This site is optimized with the Yoast SEO plugin v19.13 - https:\/\/yoast.com\/wordpress\/plugins\/seo\/ -->\n<title>Music - Pasajeros<\/title>\n<meta name=\"description\" content=\"\u201cPasajeros es un videojuego que se desarrolla por medio de una colecci\u00f3n de relatos urbanos y surreales recogidos en un taxi de chapinero. Es una aventura de cuatro noches cargada de microrrelatos de vampiros, robots, mariachis y matones. Adem\u00e1s de la oportunidad para encontrar el amor o la locura en la magia nocturna de una ciudad\u201d\" \/>\n<meta name=\"robots\" content=\"index, follow, max-snippet:-1, max-image-preview:large, max-video-preview:-1\" \/>\n<link rel=\"canonical\" href=\"https:\/\/pasajeros.com.co\/en\/music\/\" \/>\n<meta property=\"og:locale\" content=\"en_US\" \/>\n<meta property=\"og:type\" content=\"article\" \/>\n<meta property=\"og:title\" content=\"Music - Pasajeros\" \/>\n<meta property=\"og:description\" content=\"\u201cPasajeros es un videojuego que se desarrolla por medio de una colecci\u00f3n de relatos urbanos y surreales recogidos en un taxi de chapinero. Es una aventura de cuatro noches cargada de microrrelatos de vampiros, robots, mariachis y matones. Adem\u00e1s de la oportunidad para encontrar el amor o la locura en la magia nocturna de una ciudad\u201d\" \/>\n<meta property=\"og:url\" content=\"https:\/\/pasajeros.com.co\/en\/music\/\" \/>\n<meta property=\"og:site_name\" content=\"Pasajeros\" \/>\n<meta property=\"article:modified_time\" content=\"2021-05-19T21:34:51+00:00\" \/>\n<meta name=\"twitter:card\" content=\"summary_large_image\" \/>\n<meta name=\"twitter:label1\" content=\"Est. reading time\" \/>\n\t<meta name=\"twitter:data1\" content=\"1 minute\" \/>\n<script type=\"application\/ld+json\" class=\"yoast-schema-graph\">{\"@context\":\"https:\/\/schema.org\",\"@graph\":[{\"@type\":\"WebPage\",\"@id\":\"https:\/\/pasajeros.com.co\/en\/music\/\",\"url\":\"https:\/\/pasajeros.com.co\/en\/music\/\",\"name\":\"Music - Pasajeros\",\"isPartOf\":{\"@id\":\"https:\/\/pasajeros.com.co\/#website\"},\"datePublished\":\"2021-01-26T00:53:18+00:00\",\"dateModified\":\"2021-05-19T21:34:51+00:00\",\"description\":\"\u201cPasajeros es un videojuego que se desarrolla por medio de una colecci\u00f3n de relatos urbanos y surreales recogidos en un taxi de chapinero. Es una aventura de cuatro noches cargada de microrrelatos de vampiros, robots, mariachis y matones. Adem\u00e1s de la oportunidad para encontrar el amor o la locura en la magia nocturna de una ciudad\u201d\",\"breadcrumb\":{\"@id\":\"https:\/\/pasajeros.com.co\/en\/music\/#breadcrumb\"},\"inLanguage\":\"en-US\",\"potentialAction\":[{\"@type\":\"ReadAction\",\"target\":[\"https:\/\/pasajeros.com.co\/en\/music\/\"]}]},{\"@type\":\"BreadcrumbList\",\"@id\":\"https:\/\/pasajeros.com.co\/en\/music\/#breadcrumb\",\"itemListElement\":[{\"@type\":\"ListItem\",\"position\":1,\"name\":\"Portada\",\"item\":\"https:\/\/pasajeros.com.co\/en\/\"},{\"@type\":\"ListItem\",\"position\":2,\"name\":\"Music\"}]},{\"@type\":\"WebSite\",\"@id\":\"https:\/\/pasajeros.com.co\/#website\",\"url\":\"https:\/\/pasajeros.com.co\/\",\"name\":\"Pasajeros\",\"description\":\"Pasajeros\",\"publisher\":{\"@id\":\"https:\/\/pasajeros.com.co\/#organization\"},\"potentialAction\":[{\"@type\":\"SearchAction\",\"target\":{\"@type\":\"EntryPoint\",\"urlTemplate\":\"https:\/\/pasajeros.com.co\/?s={search_term_string}\"},\"query-input\":\"required name=search_term_string\"}],\"inLanguage\":\"en-US\"},{\"@type\":\"Organization\",\"@id\":\"https:\/\/pasajeros.com.co\/#organization\",\"name\":\"Pasajeros\",\"url\":\"https:\/\/pasajeros.com.co\/\",\"logo\":{\"@type\":\"ImageObject\",\"inLanguage\":\"en-US\",\"@id\":\"https:\/\/pasajeros.com.co\/#\/schema\/logo\/image\/\",\"url\":\"http:\/\/pasajeros.com.co\/wp-content\/uploads\/2020\/05\/logo_home-2.png\",\"contentUrl\":\"http:\/\/pasajeros.com.co\/wp-content\/uploads\/2020\/05\/logo_home-2.png\",\"width\":1200,\"height\":677,\"caption\":\"Pasajeros\"},\"image\":{\"@id\":\"https:\/\/pasajeros.com.co\/#\/schema\/logo\/image\/\"}}]}<\/script>\n<!-- \/ Yoast SEO plugin. -->","yoast_head_json":{"title":"Music - Pasajeros","description":"\u201cPasajeros es un videojuego que se desarrolla por medio de una colecci\u00f3n de relatos urbanos y surreales recogidos en un taxi de chapinero. Es una aventura de cuatro noches cargada de microrrelatos de vampiros, robots, mariachis y matones. Adem\u00e1s de la oportunidad para encontrar el amor o la locura en la magia nocturna de una ciudad\u201d","robots":{"index":"index","follow":"follow","max-snippet":"max-snippet:-1","max-image-preview":"max-image-preview:large","max-video-preview":"max-video-preview:-1"},"canonical":"https:\/\/pasajeros.com.co\/en\/music\/","og_locale":"en_US","og_type":"article","og_title":"Music - Pasajeros","og_description":"\u201cPasajeros es un videojuego que se desarrolla por medio de una colecci\u00f3n de relatos urbanos y surreales recogidos en un taxi de chapinero. Es una aventura de cuatro noches cargada de microrrelatos de vampiros, robots, mariachis y matones. Adem\u00e1s de la oportunidad para encontrar el amor o la locura en la magia nocturna de una ciudad\u201d","og_url":"https:\/\/pasajeros.com.co\/en\/music\/","og_site_name":"Pasajeros","article_modified_time":"2021-05-19T21:34:51+00:00","twitter_card":"summary_large_image","twitter_misc":{"Est. reading time":"1 minute"},"schema":{"@context":"https:\/\/schema.org","@graph":[{"@type":"WebPage","@id":"https:\/\/pasajeros.com.co\/en\/music\/","url":"https:\/\/pasajeros.com.co\/en\/music\/","name":"Music - Pasajeros","isPartOf":{"@id":"https:\/\/pasajeros.com.co\/#website"},"datePublished":"2021-01-26T00:53:18+00:00","dateModified":"2021-05-19T21:34:51+00:00","description":"\u201cPasajeros es un videojuego que se desarrolla por medio de una colecci\u00f3n de relatos urbanos y surreales recogidos en un taxi de chapinero. Es una aventura de cuatro noches cargada de microrrelatos de vampiros, robots, mariachis y matones. Adem\u00e1s de la oportunidad para encontrar el amor o la locura en la magia nocturna de una ciudad\u201d","breadcrumb":{"@id":"https:\/\/pasajeros.com.co\/en\/music\/#breadcrumb"},"inLanguage":"en-US","potentialAction":[{"@type":"ReadAction","target":["https:\/\/pasajeros.com.co\/en\/music\/"]}]},{"@type":"BreadcrumbList","@id":"https:\/\/pasajeros.com.co\/en\/music\/#breadcrumb","itemListElement":[{"@type":"ListItem","position":1,"name":"Portada","item":"https:\/\/pasajeros.com.co\/en\/"},{"@type":"ListItem","position":2,"name":"Music"}]},{"@type":"WebSite","@id":"https:\/\/pasajeros.com.co\/#website","url":"https:\/\/pasajeros.com.co\/","name":"Pasajeros","description":"Pasajeros","publisher":{"@id":"https:\/\/pasajeros.com.co\/#organization"},"potentialAction":[{"@type":"SearchAction","target":{"@type":"EntryPoint","urlTemplate":"https:\/\/pasajeros.com.co\/?s={search_term_string}"},"query-input":"required name=search_term_string"}],"inLanguage":"en-US"},{"@type":"Organization","@id":"https:\/\/pasajeros.com.co\/#organization","name":"Pasajeros","url":"https:\/\/pasajeros.com.co\/","logo":{"@type":"ImageObject","inLanguage":"en-US","@id":"https:\/\/pasajeros.com.co\/#\/schema\/logo\/image\/","url":"http:\/\/pasajeros.com.co\/wp-content\/uploads\/2020\/05\/logo_home-2.png","contentUrl":"http:\/\/pasajeros.com.co\/wp-content\/uploads\/2020\/05\/logo_home-2.png","width":1200,"height":677,"caption":"Pasajeros"},"image":{"@id":"https:\/\/pasajeros.com.co\/#\/schema\/logo\/image\/"}}]}},"_links":{"self":[{"href":"https:\/\/pasajeros.com.co\/en\/wp-json\/wp\/v2\/pages\/4496"}],"collection":[{"href":"https:\/\/pasajeros.com.co\/en\/wp-json\/wp\/v2\/pages"}],"about":[{"href":"https:\/\/pasajeros.com.co\/en\/wp-json\/wp\/v2\/types\/page"}],"author":[{"embeddable":true,"href":"https:\/\/pasajeros.com.co\/en\/wp-json\/wp\/v2\/users\/1"}],"replies":[{"embeddable":true,"href":"https:\/\/pasajeros.com.co\/en\/wp-json\/wp\/v2\/comments?post=4496"}],"version-history":[{"count":0,"href":"https:\/\/pasajeros.com.co\/en\/wp-json\/wp\/v2\/pages\/4496\/revisions"}],"wp:attachment":[{"href":"https:\/\/pasajeros.com.co\/en\/wp-json\/wp\/v2\/media?parent=4496"}],"curies":[{"name":"wp","href":"https:\/\/api.w.org\/{rel}","templated":true}]}}