{"id":4474,"date":"2021-01-28T19:18:43","date_gmt":"2021-01-28T19:18:43","guid":{"rendered":"http:\/\/pasajeros.com.co\/presskit\/"},"modified":"2021-05-20T17:20:34","modified_gmt":"2021-05-20T17:20:34","slug":"presskit","status":"publish","type":"page","link":"https:\/\/pasajeros.com.co\/en\/presskit\/","title":{"rendered":"presskit"},"content":{"rendered":"<p>[vc_row css=&#8221;.vc_custom_1611861890885{background-color: #ffffff !important;}&#8221;][vc_column][vc_single_image image=&#8221;3956&#8243; img_size=&#8221;full&#8221; alignment=&#8221;center&#8221; css_animation=&#8221;none&#8221;][\/vc_column][\/vc_row][vc_row][vc_column width=&#8221;1\/3&#8243;][vc_column_text]<\/p>\n<h3><strong style=\"color: #000;\">Technical sheet<\/strong><\/h3>\n<p><span style=\"color: #000000;\"><strong>Developerd<\/strong><\/span><br \/>\n<span style=\"color: #000000;\">GameLoop<\/span><br \/>\n<span style=\"color: #000000;\">Bogot\u00e1, Colombia<\/span><\/p>\n<p><strong><span style=\"color: #000000;\">Kind<\/span><\/strong><br \/>\n<span style=\"color: #000000;\">Novela Visual<\/span><\/p>\n<p><span style=\"color: #000000;\"><b>Out on <\/b><\/span><\/p>\n<p><span style=\"color: #000000;\">First trimester de 2021<\/span><\/p>\n<p><strong><span style=\"color: #000000;\">Plataforms<\/span><\/strong><br \/>\n<span style=\"color: #000000;\">Windows, Mac , Linux<\/span><\/p>\n<p><strong><span style=\"color: #000000;\">Web site\u00a0<\/span><\/strong><br \/>\n<a href=\"http:\/\/pasajeros.com.co\" target=\"_blank\" rel=\"noopener\"><span style=\"color: #000000;\">Pasajeros.com.co<\/span><\/a><\/p>\n<p><strong><span style=\"color: #000000;\">Contact<\/span><\/strong><br \/>\n<span style=\"color: #000000;\">Carlos Herrera<\/span><br \/>\n<a href=\"mailto:info@gameloop.co\" target=\"_blank\" rel=\"noopener\"><span style=\"color: #000000;\">info@gameloop.co<\/span><\/a><\/p>\n<p><strong><span style=\"color: #000000;\">Networks<\/span><\/strong><br \/>\n<span style=\"color: #000000;\">Instagram: <a href=\"https:\/\/www.instagram.com\/gameloopcol\/\" target=\"_blank\" rel=\"noopener\"><span style=\"color: #000000;\">@gameloop<\/span><\/a><\/span>[\/vc_column_text][\/vc_column][vc_column width=&#8221;2\/3&#8243;][vc_column_text]<\/p>\n<div style=\"color: #000;\">\n<h4 style=\"color: #000;\"><strong>Resume<\/strong><\/h4>\n<p>Pasajeros is a video game that is developed through a collection of urban and surreal stories collected in a taxi in Chapinero, a Bogot\u00e1 neighborhood. It&#8217;s a four-night adventure packed with micro-stories of vampires, robots, mariachis, and thugs. In addition to the opportunity to find love or madness in the night magic of a city.<\/p>\n<h4 style=\"color: #000;\"><strong>Description<\/strong><\/h4>\n<p>\u201cWhen a passenger leaves a newspaper forgotten in a taxi in which he confesses that he plans to kill himself, the driver of the vehicle sets out to find the man and perhaps save him. All this while he navigates in the microcosm of stories that make up Chapinero&#8217;s nights. &#8221;<\/p>\n<p>Passengers is a video game in which we will put the player in situations in which he will see iconic places and places of Bogot\u00e1 represented, he will hear sounds typical of the city, but above all he will be able to experience the city through the stories of the passengers who get on. your taxi. Special emphasis will be placed on those symbolic spaces that are proper and unique to the capital, which are ultimately the ones that lead to shaping its identity. Through these elements and these stories that are intertwined according to the player&#8217;s decisions, an X-ray of Bogot\u00e1 will be shown.<\/p>\n<p>In the story, while the driver seeks to prevent the suicide of one of his passengers, he will also reveal part of his own past and also of his psyche, because on Chapinero&#8217;s nights the traffic lights speak to him; His vehicle, which he calls the Chicken, has its own character that reacts depending on the passengers on duty; We will also meet La mona, his main empanadas supplier, who runs an underworld of culinary delicacies and drugs; and we will discover many of the stories that a city like Bogot\u00e1 has to tell.<\/p>\n<\/div>\n<p>[\/vc_column_text][\/vc_column][\/vc_row][vc_row][vc_column][vc_empty_space][vc_separator border_width=&#8221;2&#8243;][vc_empty_space][vc_column_text]<\/p>\n<h3><span style=\"color: #000000;\">Videos<\/span><\/h3>\n<p>[\/vc_column_text][vc_empty_space][vc_video link=&#8221;https:\/\/youtu.be\/0c8KtclUgrA&#8221;][\/vc_column][\/vc_row][vc_row][vc_column][vc_empty_space][vc_separator border_width=&#8221;2&#8243;][vc_empty_space][vc_column_text]<\/p>\n<h3><span style=\"color: #000000;\">Images<\/span><\/h3>\n<p>[\/vc_column_text][vc_empty_space][vc_masonry_media_grid element_width=&#8221;3&#8243; gap=&#8221;20&#8243; grid_id=&#8221;vc_gid:1621531062013-ebd67b88-e5fc-8&#8243; include=&#8221;3891,3890,3889,3888,3887,3886,3885,3884&#8243;][\/vc_column][\/vc_row][vc_row][vc_column][vc_empty_space][vc_separator border_width=&#8221;2&#8243;][vc_empty_space][vc_column_text]<\/p>\n<h3><span style=\"color: #000000;\">Characters &#8211; Gif<br \/>\n<\/span><\/h3>\n<p>[\/vc_column_text][vc_empty_space][vc_masonry_media_grid element_width=&#8221;3&#8243; gap=&#8221;20&#8243; grid_id=&#8221;vc_gid:1621531062054-38a4b3bb-e80b-8&#8243; include=&#8221;3962,3939,3961,3960&#8243;][\/vc_column][\/vc_row][vc_row][vc_column][vc_empty_space][vc_separator border_width=&#8221;2&#8243;][vc_empty_space][vc_column_text]<\/p>\n<h3><span style=\"color: #000000;\">Logo &amp; Symbol<\/span><\/h3>\n<p>[\/vc_column_text][vc_empty_space][vc_single_image image=&#8221;3904&#8243; img_size=&#8221;full&#8221; alignment=&#8221;center&#8221;][vc_empty_space][vc_empty_space][vc_masonry_media_grid element_width=&#8221;2&#8243; gap=&#8221;20&#8243; grid_id=&#8221;vc_gid:1621531062062-acfd108c-d4ee-4&#8243; include=&#8221;3911,3925,3908,3909,3924,3907&#8243;][\/vc_column][\/vc_row][vc_row][vc_column][vc_empty_space][vc_separator border_width=&#8221;2&#8243;][vc_empty_space][vc_column_text]<\/p>\n<h3><span style=\"color: #000000;\">Developer: GameLoop<br \/>\n<\/span><\/h3>\n<p>[\/vc_column_text][vc_empty_space][vc_row_inner][vc_column_inner width=&#8221;1\/3&#8243;][vc_single_image image=&#8221;3932&#8243; img_size=&#8221;full&#8221;][\/vc_column_inner][vc_column_inner width=&#8221;2\/3&#8243;][vc_column_text]GameLoop is a company that seeks to explore the use that video games are being given as a cultural object in the local Colombian context. As well as seeking the answer to the following questions: is their potential and scope being used as an instrument of appropriation and ultimately of identity construction? Is it possible in a video game to construct a representation of cultural identity?[\/vc_column_text][\/vc_column_inner][\/vc_row_inner][\/vc_column][\/vc_row][vc_row][vc_column][vc_empty_space][vc_separator border_width=&#8221;2&#8243;][vc_empty_space][vc_column_text]<\/p>\n<h3><span style=\"color: #000000;\">Credits<\/span><\/h3>\n<p>[\/vc_column_text][vc_empty_space][vc_row_inner][vc_column_inner width=&#8221;1\/2&#8243;][vc_column_text]<\/p>\n<div style=\"color: #000000;\"><strong>General Management:<\/strong> Carlos Herrera<br \/>\n<strong>Executive Production:<\/strong> Julia Mar\u00eda Rinc\u00f3n<br \/>\n<strong>Narrative Design:<\/strong> Jorge Hern\u00e1ndez<br \/>\n<strong>Art Direction:<\/strong> Anderson Rodr\u00edguez<br \/>\n<strong>3d background design:<\/strong> Jean G\u00f3mez<br \/>\n<strong>Unity Programming and Development Leader<\/strong>: Sandra Paola Mosquera<\/div>\n<p>[\/vc_column_text][vc_column_text]<\/p>\n<div style=\"color: #000000;\"><strong>Sound Design and Musicalization:<\/strong><br \/>\nAndres Valero<br \/>\nSebastian C\u00e1ceres<strong>Traffic Light Voice:<\/strong> Diego Camargo<\/p>\n<p><strong>Mintic Advisor:<\/strong> Miguel Posada<br \/>\n<strong>Marketing Advisor:<\/strong> Santiago Zapata<\/p>\n<p>&nbsp;<\/p>\n<\/div>\n<p>[\/vc_column_text][\/vc_column_inner][vc_column_inner width=&#8221;1\/2&#8243;][vc_column_text]<\/p>\n<div style=\"color: #000000;\"><strong>Dissemination Strategy<\/strong>: Elder Tobar<br \/>\n<strong>Networks:<\/strong> Daniela Godoy<br \/>\n<strong>Videographer:<\/strong> Jes\u00fas Suarez<strong>Legal advice<\/strong>: Carlos Felipe Gonz\u00e1lez<br \/>\n<strong>Accounting consultancy:<\/strong> Zoraida Valbuena<\/p>\n<p><strong>Guests:<\/strong><br \/>\nSantiago Rivas<br \/>\nJose Plata<\/p>\n<p><strong>Thanks:<\/strong><br \/>\nLuz Marina Dom\u00ednguez, Cristian Montenegro, Liliana Chac\u00f3n Gonz\u00e1lez, Margarita Herrera, Catalina Ceballos, Mar\u00eda Jos\u00e9 Afanador, Jaime Humberto Borja, Pablo Chilito, H\u00e9ctor Camilo Herrera, \u00c1lvaro Triana<\/p>\n<\/div>\n<p>[\/vc_column_text][\/vc_column_inner][\/vc_row_inner][\/vc_column][\/vc_row][vc_row][vc_column][\/vc_column][\/vc_row]<\/p>\n","protected":false},"excerpt":{"rendered":"<p>[vc_row css=&#8221;.vc_custom_1611861890885{background-color: #ffffff !important;}&#8221;][vc_column][vc_single_image image=&#8221;3956&#8243; img_size=&#8221;full&#8221; alignment=&#8221;center&#8221; css_animation=&#8221;none&#8221;][\/vc_column][\/vc_row][vc_row][vc_column width=&#8221;1\/3&#8243;][vc_column_text] Technical sheet Developerd GameLoop Bogot\u00e1, Colombia Kind Novela Visual Out on First trimester de 2021 Plataforms Windows, Mac , Linux Web site\u00a0 Pasajeros.com.co Contact Carlos Herrera info@gameloop.co Networks Instagram: @gameloop[\/vc_column_text][\/vc_column][vc_column width=&#8221;2\/3&#8243;][vc_column_text] Resume Pasajeros is a video game that is developed through a collection of urban and surreal stories collected in a taxi in Chapinero, a Bogot\u00e1 neighborhood. It&#8217;s a four-night adventure packed with micro-stories of vampires, robots, mariachis, and thugs. In [&hellip;]<\/p>\n","protected":false},"author":1,"featured_media":0,"parent":0,"menu_order":0,"comment_status":"closed","ping_status":"closed","template":"","meta":{"_monsterinsights_skip_tracking":false,"_monsterinsights_sitenote_active":false,"_monsterinsights_sitenote_note":"","_monsterinsights_sitenote_category":0},"yoast_head":"<!-- This site is optimized with the Yoast SEO plugin v19.13 - https:\/\/yoast.com\/wordpress\/plugins\/seo\/ -->\n<title>presskit - Pasajeros<\/title>\n<meta name=\"description\" content=\"\u201cPasajeros es un videojuego que se desarrolla por medio de una colecci\u00f3n de relatos urbanos y surreales recogidos en un taxi de chapinero. Es una aventura de cuatro noches cargada de microrrelatos de vampiros, robots, mariachis y matones. Adem\u00e1s de la oportunidad para encontrar el amor o la locura en la magia nocturna de una ciudad\u201d\" \/>\n<meta name=\"robots\" content=\"index, follow, max-snippet:-1, max-image-preview:large, max-video-preview:-1\" \/>\n<link rel=\"canonical\" href=\"https:\/\/pasajeros.com.co\/en\/presskit\/\" \/>\n<meta property=\"og:locale\" content=\"en_US\" \/>\n<meta property=\"og:type\" content=\"article\" \/>\n<meta property=\"og:title\" content=\"presskit - Pasajeros\" \/>\n<meta property=\"og:description\" content=\"\u201cPasajeros es un videojuego que se desarrolla por medio de una colecci\u00f3n de relatos urbanos y surreales recogidos en un taxi de chapinero. Es una aventura de cuatro noches cargada de microrrelatos de vampiros, robots, mariachis y matones. Adem\u00e1s de la oportunidad para encontrar el amor o la locura en la magia nocturna de una ciudad\u201d\" \/>\n<meta property=\"og:url\" content=\"https:\/\/pasajeros.com.co\/en\/presskit\/\" \/>\n<meta property=\"og:site_name\" content=\"Pasajeros\" \/>\n<meta property=\"article:modified_time\" content=\"2021-05-20T17:20:34+00:00\" \/>\n<meta name=\"twitter:card\" content=\"summary_large_image\" \/>\n<meta name=\"twitter:label1\" content=\"Est. reading time\" \/>\n\t<meta name=\"twitter:data1\" content=\"3 minutes\" \/>\n<script type=\"application\/ld+json\" class=\"yoast-schema-graph\">{\"@context\":\"https:\/\/schema.org\",\"@graph\":[{\"@type\":\"WebPage\",\"@id\":\"https:\/\/pasajeros.com.co\/en\/presskit\/\",\"url\":\"https:\/\/pasajeros.com.co\/en\/presskit\/\",\"name\":\"presskit - Pasajeros\",\"isPartOf\":{\"@id\":\"https:\/\/pasajeros.com.co\/#website\"},\"datePublished\":\"2021-01-28T19:18:43+00:00\",\"dateModified\":\"2021-05-20T17:20:34+00:00\",\"description\":\"\u201cPasajeros es un videojuego que se desarrolla por medio de una colecci\u00f3n de relatos urbanos y surreales recogidos en un taxi de chapinero. Es una aventura de cuatro noches cargada de microrrelatos de vampiros, robots, mariachis y matones. Adem\u00e1s de la oportunidad para encontrar el amor o la locura en la magia nocturna de una ciudad\u201d\",\"breadcrumb\":{\"@id\":\"https:\/\/pasajeros.com.co\/en\/presskit\/#breadcrumb\"},\"inLanguage\":\"en-US\",\"potentialAction\":[{\"@type\":\"ReadAction\",\"target\":[\"https:\/\/pasajeros.com.co\/en\/presskit\/\"]}]},{\"@type\":\"BreadcrumbList\",\"@id\":\"https:\/\/pasajeros.com.co\/en\/presskit\/#breadcrumb\",\"itemListElement\":[{\"@type\":\"ListItem\",\"position\":1,\"name\":\"Portada\",\"item\":\"https:\/\/pasajeros.com.co\/en\/\"},{\"@type\":\"ListItem\",\"position\":2,\"name\":\"presskit\"}]},{\"@type\":\"WebSite\",\"@id\":\"https:\/\/pasajeros.com.co\/#website\",\"url\":\"https:\/\/pasajeros.com.co\/\",\"name\":\"Pasajeros\",\"description\":\"Pasajeros\",\"publisher\":{\"@id\":\"https:\/\/pasajeros.com.co\/#organization\"},\"potentialAction\":[{\"@type\":\"SearchAction\",\"target\":{\"@type\":\"EntryPoint\",\"urlTemplate\":\"https:\/\/pasajeros.com.co\/?s={search_term_string}\"},\"query-input\":\"required name=search_term_string\"}],\"inLanguage\":\"en-US\"},{\"@type\":\"Organization\",\"@id\":\"https:\/\/pasajeros.com.co\/#organization\",\"name\":\"Pasajeros\",\"url\":\"https:\/\/pasajeros.com.co\/\",\"logo\":{\"@type\":\"ImageObject\",\"inLanguage\":\"en-US\",\"@id\":\"https:\/\/pasajeros.com.co\/#\/schema\/logo\/image\/\",\"url\":\"http:\/\/pasajeros.com.co\/wp-content\/uploads\/2020\/05\/logo_home-2.png\",\"contentUrl\":\"http:\/\/pasajeros.com.co\/wp-content\/uploads\/2020\/05\/logo_home-2.png\",\"width\":1200,\"height\":677,\"caption\":\"Pasajeros\"},\"image\":{\"@id\":\"https:\/\/pasajeros.com.co\/#\/schema\/logo\/image\/\"}}]}<\/script>\n<!-- \/ Yoast SEO plugin. -->","yoast_head_json":{"title":"presskit - Pasajeros","description":"\u201cPasajeros es un videojuego que se desarrolla por medio de una colecci\u00f3n de relatos urbanos y surreales recogidos en un taxi de chapinero. Es una aventura de cuatro noches cargada de microrrelatos de vampiros, robots, mariachis y matones. Adem\u00e1s de la oportunidad para encontrar el amor o la locura en la magia nocturna de una ciudad\u201d","robots":{"index":"index","follow":"follow","max-snippet":"max-snippet:-1","max-image-preview":"max-image-preview:large","max-video-preview":"max-video-preview:-1"},"canonical":"https:\/\/pasajeros.com.co\/en\/presskit\/","og_locale":"en_US","og_type":"article","og_title":"presskit - Pasajeros","og_description":"\u201cPasajeros es un videojuego que se desarrolla por medio de una colecci\u00f3n de relatos urbanos y surreales recogidos en un taxi de chapinero. Es una aventura de cuatro noches cargada de microrrelatos de vampiros, robots, mariachis y matones. Adem\u00e1s de la oportunidad para encontrar el amor o la locura en la magia nocturna de una ciudad\u201d","og_url":"https:\/\/pasajeros.com.co\/en\/presskit\/","og_site_name":"Pasajeros","article_modified_time":"2021-05-20T17:20:34+00:00","twitter_card":"summary_large_image","twitter_misc":{"Est. reading time":"3 minutes"},"schema":{"@context":"https:\/\/schema.org","@graph":[{"@type":"WebPage","@id":"https:\/\/pasajeros.com.co\/en\/presskit\/","url":"https:\/\/pasajeros.com.co\/en\/presskit\/","name":"presskit - Pasajeros","isPartOf":{"@id":"https:\/\/pasajeros.com.co\/#website"},"datePublished":"2021-01-28T19:18:43+00:00","dateModified":"2021-05-20T17:20:34+00:00","description":"\u201cPasajeros es un videojuego que se desarrolla por medio de una colecci\u00f3n de relatos urbanos y surreales recogidos en un taxi de chapinero. Es una aventura de cuatro noches cargada de microrrelatos de vampiros, robots, mariachis y matones. Adem\u00e1s de la oportunidad para encontrar el amor o la locura en la magia nocturna de una ciudad\u201d","breadcrumb":{"@id":"https:\/\/pasajeros.com.co\/en\/presskit\/#breadcrumb"},"inLanguage":"en-US","potentialAction":[{"@type":"ReadAction","target":["https:\/\/pasajeros.com.co\/en\/presskit\/"]}]},{"@type":"BreadcrumbList","@id":"https:\/\/pasajeros.com.co\/en\/presskit\/#breadcrumb","itemListElement":[{"@type":"ListItem","position":1,"name":"Portada","item":"https:\/\/pasajeros.com.co\/en\/"},{"@type":"ListItem","position":2,"name":"presskit"}]},{"@type":"WebSite","@id":"https:\/\/pasajeros.com.co\/#website","url":"https:\/\/pasajeros.com.co\/","name":"Pasajeros","description":"Pasajeros","publisher":{"@id":"https:\/\/pasajeros.com.co\/#organization"},"potentialAction":[{"@type":"SearchAction","target":{"@type":"EntryPoint","urlTemplate":"https:\/\/pasajeros.com.co\/?s={search_term_string}"},"query-input":"required name=search_term_string"}],"inLanguage":"en-US"},{"@type":"Organization","@id":"https:\/\/pasajeros.com.co\/#organization","name":"Pasajeros","url":"https:\/\/pasajeros.com.co\/","logo":{"@type":"ImageObject","inLanguage":"en-US","@id":"https:\/\/pasajeros.com.co\/#\/schema\/logo\/image\/","url":"http:\/\/pasajeros.com.co\/wp-content\/uploads\/2020\/05\/logo_home-2.png","contentUrl":"http:\/\/pasajeros.com.co\/wp-content\/uploads\/2020\/05\/logo_home-2.png","width":1200,"height":677,"caption":"Pasajeros"},"image":{"@id":"https:\/\/pasajeros.com.co\/#\/schema\/logo\/image\/"}}]}},"_links":{"self":[{"href":"https:\/\/pasajeros.com.co\/en\/wp-json\/wp\/v2\/pages\/4474"}],"collection":[{"href":"https:\/\/pasajeros.com.co\/en\/wp-json\/wp\/v2\/pages"}],"about":[{"href":"https:\/\/pasajeros.com.co\/en\/wp-json\/wp\/v2\/types\/page"}],"author":[{"embeddable":true,"href":"https:\/\/pasajeros.com.co\/en\/wp-json\/wp\/v2\/users\/1"}],"replies":[{"embeddable":true,"href":"https:\/\/pasajeros.com.co\/en\/wp-json\/wp\/v2\/comments?post=4474"}],"version-history":[{"count":0,"href":"https:\/\/pasajeros.com.co\/en\/wp-json\/wp\/v2\/pages\/4474\/revisions"}],"wp:attachment":[{"href":"https:\/\/pasajeros.com.co\/en\/wp-json\/wp\/v2\/media?parent=4474"}],"curies":[{"name":"wp","href":"https:\/\/api.w.org\/{rel}","templated":true}]}}